{"id":794,"date":"2024-11-03T17:51:02","date_gmt":"2024-11-03T16:51:02","guid":{"rendered":"https:\/\/troyanforge.com\/?page_id=794"},"modified":"2025-02-22T16:24:27","modified_gmt":"2025-02-22T15:24:27","slug":"les-bassistes","status":"publish","type":"page","link":"https:\/\/troyanforge.com\/index.php\/french-metal-warriors\/les-bassistes\/","title":{"rendered":"Les Bassistes"},"content":{"rendered":"\n<h2 class=\"wp-block-heading\">Les Bassistes<\/h2>\n\n\n\n\t\t\t<div class=\"wp-block-uagb-post-grid uagb-post-grid  uagb-post__image-position-top uagb-post__image-enabled uagb-block-9968c3a0     uagb-post__items uagb-post__columns-3 is-grid uagb-post__columns-tablet-2 uagb-post__columns-mobile-1 uagb-post__equal-height\" data-total=\"1\" style=\"\">\n\n\t\t\t\t\t\t\t\t\t\t\t\t<article class=\"uagb-post__inner-wrap\">\t\t\t\t\t\t\t\t<div class='uagb-post__image'>\n\t\t\t\t\t\t\t\t\t<a href=\"https:\/\/troyanforge.com\/index.php\/2024\/11\/22\/tits\/\" target=\"_self\" rel=\"bookmark noopener noreferrer\" class='uagb-image-ratio-inherit'><img loading=\"lazy\" decoding=\"async\" width=\"300\" height=\"617\" src=\"https:\/\/troyanforge.com\/wp-content\/uploads\/2024\/08\/cover-tits.jpg\" class=\"attachment-large size-large\" alt=\"tit&#039;s\" srcset=\"https:\/\/troyanforge.com\/wp-content\/uploads\/2024\/08\/cover-tits.jpg 300w, https:\/\/troyanforge.com\/wp-content\/uploads\/2024\/08\/cover-tits-146x300.jpg 146w, https:\/\/troyanforge.com\/wp-content\/uploads\/2024\/08\/cover-tits-194x400.jpg 194w\" sizes=\"auto, (max-width: 300px) 100vw, 300px\" \/>\t\t\t\t\t<\/a>\n\t\t\t\t\t\t\t<\/div>\n\t\t\t\t\t\t<h4 class=\"uagb-post__title uagb-post__text\">\n\t\t\t\t<a href=\"https:\/\/troyanforge.com\/index.php\/2024\/11\/22\/tits\/\" target=\"_self\" rel=\"bookmark noopener noreferrer\">TIT&#8217;S<\/a>\n\t\t\t<\/h4>\n\t\t\t\t\t\t<div class='uagb-post__text uagb-post-grid-byline'>\n\t\t\t\t\t\t\t\t<time datetime=\"2024-11-22T19:14:10+01:00\" class=\"uagb-post__date\">\n\t\t\t\t<span class=\"dashicons-calendar dashicons\"><\/span>\t\t\t\t\t22 November 2024\t\t\t\t<\/time>\n\t\t\t\t\t\t\t<span class=\"uagb-post__comment\">\n\t\t\t\t<span class=\"dashicons-admin-comments dashicons\"><\/span>\t\t\t\t\tNo Comments\t\t\t\t<\/span>\n\t\t\t\t\t\t<\/div>\n\t\t\t\t\t\t\t<div class='uagb-post__text uagb-post__excerpt'>\n\t\t\t\t\t<p>TIT&#8217;S BIOGRAPHIE Bassiste, chanteur, auteur et compositeur, Tit\u2019s est au coeur de groupes tels que&#8230;\t\t\t\t<\/div>\n\t\t\t\t\t\t<div class=\"uagb-post__text uagb-post__cta wp-block-button\">\n\t\t\t\t<a class=\"wp-block-button__link uagb-text-link\" style=\"\" href=\"https:\/\/troyanforge.com\/index.php\/2024\/11\/22\/tits\/\" target=\"_self\" rel=\"bookmark noopener noreferrer\">Read More<\/a>\n\t\t\t<\/div>\n\t\t\t\n\t\t\t\t\t\t\t\t\t<\/article>\n\t\t\t\t\t\t\t\t\t\t\t\t\t\t\t\t<article class=\"uagb-post__inner-wrap\">\t\t\t\t\t\t\t\t<h4 class=\"uagb-post__title uagb-post__text\">\n\t\t\t\t<a href=\"https:\/\/troyanforge.com\/index.php\/2017\/01\/03\/yvon-solers\/\" target=\"_self\" rel=\"bookmark noopener noreferrer\">Yvon SOLERS<\/a>\n\t\t\t<\/h4>\n\t\t\t\t\t\t<div class='uagb-post__text uagb-post-grid-byline'>\n\t\t\t\t\t\t\t\t<time datetime=\"2017-01-03T17:36:00+01:00\" class=\"uagb-post__date\">\n\t\t\t\t<span class=\"dashicons-calendar dashicons\"><\/span>\t\t\t\t\t3 January 2017\t\t\t\t<\/time>\n\t\t\t\t\t\t\t<span class=\"uagb-post__comment\">\n\t\t\t\t<span class=\"dashicons-admin-comments dashicons\"><\/span>\t\t\t\t\tNo Comments\t\t\t\t<\/span>\n\t\t\t\t\t\t<\/div>\n\t\t\t\t\t\t\t<div class='uagb-post__text uagb-post__excerpt'>\n\t\t\t\t\t<p>BIOGRAPHIE La carri\u00e8re musicale d&#8217;Yvon SOLER d\u00e9marre en 1986 par sa rencontre avec le groupe&#8230;\t\t\t\t<\/div>\n\t\t\t\t\t\t<div class=\"uagb-post__text uagb-post__cta wp-block-button\">\n\t\t\t\t<a class=\"wp-block-button__link uagb-text-link\" style=\"\" href=\"https:\/\/troyanforge.com\/index.php\/2017\/01\/03\/yvon-solers\/\" target=\"_self\" rel=\"bookmark noopener noreferrer\">Read More<\/a>\n\t\t\t<\/div>\n\t\t\t\n\t\t\t\t\t\t\t\t\t<\/article>\n\t\t\t\t\t\t\t\t\t\t\t\t\t\t\t\t<article class=\"uagb-post__inner-wrap\">\t\t\t\t\t\t\t\t<div class='uagb-post__image'>\n\t\t\t\t\t\t\t\t\t<a href=\"https:\/\/troyanforge.com\/index.php\/2012\/02\/12\/alain-clouet\/\" target=\"_self\" rel=\"bookmark noopener noreferrer\" class='uagb-image-ratio-inherit'><img loading=\"lazy\" decoding=\"async\" width=\"500\" height=\"390\" src=\"https:\/\/troyanforge.com\/wp-content\/uploads\/2024\/08\/FMW-alain-clouet-page.jpg\" class=\"attachment-large size-large\" alt=\"FMW alain clouet\" srcset=\"https:\/\/troyanforge.com\/wp-content\/uploads\/2024\/08\/FMW-alain-clouet-page.jpg 500w, https:\/\/troyanforge.com\/wp-content\/uploads\/2024\/08\/FMW-alain-clouet-page-300x234.jpg 300w\" sizes=\"auto, (max-width: 500px) 100vw, 500px\" \/>\t\t\t\t\t<\/a>\n\t\t\t\t\t\t\t<\/div>\n\t\t\t\t\t\t<h4 class=\"uagb-post__title uagb-post__text\">\n\t\t\t\t<a href=\"https:\/\/troyanforge.com\/index.php\/2012\/02\/12\/alain-clouet\/\" target=\"_self\" rel=\"bookmark noopener noreferrer\">Alain CLOUET<\/a>\n\t\t\t<\/h4>\n\t\t\t\t\t\t<div class='uagb-post__text uagb-post-grid-byline'>\n\t\t\t\t\t\t\t\t<time datetime=\"2012-02-12T20:49:00+01:00\" class=\"uagb-post__date\">\n\t\t\t\t<span class=\"dashicons-calendar dashicons\"><\/span>\t\t\t\t\t12 February 2012\t\t\t\t<\/time>\n\t\t\t\t\t\t\t<span class=\"uagb-post__comment\">\n\t\t\t\t<span class=\"dashicons-admin-comments dashicons\"><\/span>\t\t\t\t\tNo Comments\t\t\t\t<\/span>\n\t\t\t\t\t\t<\/div>\n\t\t\t\t\t\t\t<div class='uagb-post__text uagb-post__excerpt'>\n\t\t\t\t\t<p>BIOGRAPHIE Alain CLOUET\u00a0commence la batterie d\u00e9but 1983 avec Khalid KARBICHI, futur 1er guitariste et co-fondateur&#8230;\t\t\t\t<\/div>\n\t\t\t\t\t\t<div class=\"uagb-post__text uagb-post__cta wp-block-button\">\n\t\t\t\t<a class=\"wp-block-button__link uagb-text-link\" style=\"\" href=\"https:\/\/troyanforge.com\/index.php\/2012\/02\/12\/alain-clouet\/\" target=\"_self\" rel=\"bookmark noopener noreferrer\">Read More<\/a>\n\t\t\t<\/div>\n\t\t\t\n\t\t\t\t\t\t\t\t\t<\/article>\n\t\t\t\t\t\t\t\t\t\t\t\t\t\t\t\t<article class=\"uagb-post__inner-wrap\">\t\t\t\t\t\t\t\t<h4 class=\"uagb-post__title uagb-post__text\">\n\t\t\t\t<a href=\"https:\/\/troyanforge.com\/index.php\/2011\/12\/31\/florent-brunet-manquat\/\" target=\"_self\" rel=\"bookmark noopener noreferrer\">Florent BRUNET-MANQUAT<\/a>\n\t\t\t<\/h4>\n\t\t\t\t\t\t<div class='uagb-post__text uagb-post-grid-byline'>\n\t\t\t\t\t\t\t\t<time datetime=\"2011-12-31T19:27:00+01:00\" class=\"uagb-post__date\">\n\t\t\t\t<span class=\"dashicons-calendar dashicons\"><\/span>\t\t\t\t\t31 December 2011\t\t\t\t<\/time>\n\t\t\t\t\t\t\t<span class=\"uagb-post__comment\">\n\t\t\t\t<span class=\"dashicons-admin-comments dashicons\"><\/span>\t\t\t\t\tNo Comments\t\t\t\t<\/span>\n\t\t\t\t\t\t<\/div>\n\t\t\t\t\t\t\t<div class='uagb-post__text uagb-post__excerpt'>\n\t\t\t\t\t<p>BIOGRAPHIE Florent BRUNET-MANQUAT,&nbsp;dit FLO,&nbsp;commence son apprentissage de la guitare en 1999 en suivant quelques cours&#8230;\t\t\t\t<\/div>\n\t\t\t\t\t\t<div class=\"uagb-post__text uagb-post__cta wp-block-button\">\n\t\t\t\t<a class=\"wp-block-button__link uagb-text-link\" style=\"\" href=\"https:\/\/troyanforge.com\/index.php\/2011\/12\/31\/florent-brunet-manquat\/\" target=\"_self\" rel=\"bookmark noopener noreferrer\">Read More<\/a>\n\t\t\t<\/div>\n\t\t\t\n\t\t\t\t\t\t\t\t\t<\/article>\n\t\t\t\t\t\t\t\t\t\t\t\t\t\t\t\t<article class=\"uagb-post__inner-wrap\">\t\t\t\t\t\t\t\t<div class='uagb-post__image'>\n\t\t\t\t\t\t\t\t\t<a href=\"https:\/\/troyanforge.com\/index.php\/2011\/03\/24\/jean-daniel-baloo-couturier\/\" target=\"_self\" rel=\"bookmark noopener noreferrer\" class='uagb-image-ratio-inherit'><img loading=\"lazy\" decoding=\"async\" width=\"460\" height=\"480\" src=\"https:\/\/troyanforge.com\/wp-content\/uploads\/2024\/08\/FMW-baloo.jpg\" class=\"attachment-large size-large\" alt=\"FMW baloo\" srcset=\"https:\/\/troyanforge.com\/wp-content\/uploads\/2024\/08\/FMW-baloo.jpg 460w, https:\/\/troyanforge.com\/wp-content\/uploads\/2024\/08\/FMW-baloo-288x300.jpg 288w, https:\/\/troyanforge.com\/wp-content\/uploads\/2024\/08\/FMW-baloo-383x400.jpg 383w\" sizes=\"auto, (max-width: 460px) 100vw, 460px\" \/>\t\t\t\t\t<\/a>\n\t\t\t\t\t\t\t<\/div>\n\t\t\t\t\t\t<h4 class=\"uagb-post__title uagb-post__text\">\n\t\t\t\t<a href=\"https:\/\/troyanforge.com\/index.php\/2011\/03\/24\/jean-daniel-baloo-couturier\/\" target=\"_self\" rel=\"bookmark noopener noreferrer\">Jean-Daniel \u00ab Baloo \u00bb COUTURIER<\/a>\n\t\t\t<\/h4>\n\t\t\t\t\t\t<div class='uagb-post__text uagb-post-grid-byline'>\n\t\t\t\t\t\t\t\t<time datetime=\"2011-03-24T22:22:00+01:00\" class=\"uagb-post__date\">\n\t\t\t\t<span class=\"dashicons-calendar dashicons\"><\/span>\t\t\t\t\t24 March 2011\t\t\t\t<\/time>\n\t\t\t\t\t\t\t<span class=\"uagb-post__comment\">\n\t\t\t\t<span class=\"dashicons-admin-comments dashicons\"><\/span>\t\t\t\t\tNo Comments\t\t\t\t<\/span>\n\t\t\t\t\t\t<\/div>\n\t\t\t\t\t\t\t<div class='uagb-post__text uagb-post__excerpt'>\n\t\t\t\t\t<p>BIOGRAPHIE \u00a0\u00a0 Jean-Daniel COUTURIER na\u00eet le 4 mars 1953 \u00e0 Longjumeau (91). En 1972, apr\u00e8s&#8230;\t\t\t\t<\/div>\n\t\t\t\t\t\t<div class=\"uagb-post__text uagb-post__cta wp-block-button\">\n\t\t\t\t<a class=\"wp-block-button__link uagb-text-link\" style=\"\" href=\"https:\/\/troyanforge.com\/index.php\/2011\/03\/24\/jean-daniel-baloo-couturier\/\" target=\"_self\" rel=\"bookmark noopener noreferrer\">Read More<\/a>\n\t\t\t<\/div>\n\t\t\t\n\t\t\t\t\t\t\t\t\t<\/article>\n\t\t\t\t\t\t\t\t\t\t\t\t\t\t\t\t<article class=\"uagb-post__inner-wrap\">\t\t\t\t\t\t\t\t<h4 class=\"uagb-post__title uagb-post__text\">\n\t\t\t\t<a href=\"https:\/\/troyanforge.com\/index.php\/2010\/12\/21\/damien-gaudois\/\" target=\"_self\" rel=\"bookmark noopener noreferrer\">Damien GAUDOIS<\/a>\n\t\t\t<\/h4>\n\t\t\t\t\t\t<div class='uagb-post__text uagb-post-grid-byline'>\n\t\t\t\t\t\t\t\t<time datetime=\"2010-12-21T23:24:00+01:00\" class=\"uagb-post__date\">\n\t\t\t\t<span class=\"dashicons-calendar dashicons\"><\/span>\t\t\t\t\t21 December 2010\t\t\t\t<\/time>\n\t\t\t\t\t\t\t<span class=\"uagb-post__comment\">\n\t\t\t\t<span class=\"dashicons-admin-comments dashicons\"><\/span>\t\t\t\t\tNo Comments\t\t\t\t<\/span>\n\t\t\t\t\t\t<\/div>\n\t\t\t\t\t\t\t<div class='uagb-post__text uagb-post__excerpt'>\n\t\t\t\t\t<p>BIOGRAPHIE &nbsp;&nbsp; Chanteur d&#8217;ARES, Damien GAUDOIS ajoute \u00e0 d&#8217;ind\u00e9niables qualit\u00e9s de show man des capacit\u00e9s&#8230;\t\t\t\t<\/div>\n\t\t\t\t\t\t<div class=\"uagb-post__text uagb-post__cta wp-block-button\">\n\t\t\t\t<a class=\"wp-block-button__link uagb-text-link\" style=\"\" href=\"https:\/\/troyanforge.com\/index.php\/2010\/12\/21\/damien-gaudois\/\" target=\"_self\" rel=\"bookmark noopener noreferrer\">Read More<\/a>\n\t\t\t<\/div>\n\t\t\t\n\t\t\t\t\t\t\t\t\t<\/article>\n\t\t\t\t\t\t\t\t\t\t\t<\/div>\n\t\t\t","protected":false},"excerpt":{"rendered":"<p>Les Bassistes<\/p>\n","protected":false},"author":1,"featured_media":1353,"parent":43,"menu_order":0,"comment_status":"closed","ping_status":"closed","template":"","meta":{"_uag_custom_page_level_css":"","footnotes":""},"class_list":["post-794","page","type-page","status-publish","has-post-thumbnail","hentry"],"uagb_featured_image_src":{"full":["https:\/\/troyanforge.com\/wp-content\/uploads\/2025\/02\/bass-rooster.jpeg",1792,1024,false],"thumbnail":["https:\/\/troyanforge.com\/wp-content\/uploads\/2025\/02\/bass-rooster-150x150.jpeg",150,150,true],"medium":["https:\/\/troyanforge.com\/wp-content\/uploads\/2025\/02\/bass-rooster-300x171.jpeg",300,171,true],"medium_large":["https:\/\/troyanforge.com\/wp-content\/uploads\/2025\/02\/bass-rooster-768x439.jpeg",700,400,true],"large":["https:\/\/troyanforge.com\/wp-content\/uploads\/2025\/02\/bass-rooster-1024x585.jpeg",700,400,true],"1536x1536":["https:\/\/troyanforge.com\/wp-content\/uploads\/2025\/02\/bass-rooster-1536x878.jpeg",1536,878,true],"2048x2048":["https:\/\/troyanforge.com\/wp-content\/uploads\/2025\/02\/bass-rooster.jpeg",1792,1024,false],"lodestar-featured-image":["https:\/\/troyanforge.com\/wp-content\/uploads\/2025\/02\/bass-rooster.jpeg",1792,1024,false],"lodestar-featured-archive-image":["https:\/\/troyanforge.com\/wp-content\/uploads\/2025\/02\/bass-rooster-700x400.jpeg",700,400,true],"lodestar-portfolio-image":["https:\/\/troyanforge.com\/wp-content\/uploads\/2025\/02\/bass-rooster.jpeg",1792,1024,false],"lodestar-portfolio-archive-image":["https:\/\/troyanforge.com\/wp-content\/uploads\/2025\/02\/bass-rooster-900x600.jpeg",900,600,true],"lodestar-thumbnail-avatar":["https:\/\/troyanforge.com\/wp-content\/uploads\/2025\/02\/bass-rooster-100x100.jpeg",100,100,true],"lodestar-logo":["https:\/\/troyanforge.com\/wp-content\/uploads\/2025\/02\/bass-rooster-700x400.jpeg",700,400,true]},"uagb_author_info":{"display_name":"Gilles de Troy","author_link":"https:\/\/troyanforge.com\/index.php\/author\/admin9234\/"},"uagb_comment_info":0,"uagb_excerpt":"Les Bassistes","_links":{"self":[{"href":"https:\/\/troyanforge.com\/index.php\/wp-json\/wp\/v2\/pages\/794","targetHints":{"allow":["GET"]}}],"collection":[{"href":"https:\/\/troyanforge.com\/index.php\/wp-json\/wp\/v2\/pages"}],"about":[{"href":"https:\/\/troyanforge.com\/index.php\/wp-json\/wp\/v2\/types\/page"}],"author":[{"embeddable":true,"href":"https:\/\/troyanforge.com\/index.php\/wp-json\/wp\/v2\/users\/1"}],"replies":[{"embeddable":true,"href":"https:\/\/troyanforge.com\/index.php\/wp-json\/wp\/v2\/comments?post=794"}],"version-history":[{"count":3,"href":"https:\/\/troyanforge.com\/index.php\/wp-json\/wp\/v2\/pages\/794\/revisions"}],"predecessor-version":[{"id":1560,"href":"https:\/\/troyanforge.com\/index.php\/wp-json\/wp\/v2\/pages\/794\/revisions\/1560"}],"up":[{"embeddable":true,"href":"https:\/\/troyanforge.com\/index.php\/wp-json\/wp\/v2\/pages\/43"}],"wp:featuredmedia":[{"embeddable":true,"href":"https:\/\/troyanforge.com\/index.php\/wp-json\/wp\/v2\/media\/1353"}],"wp:attachment":[{"href":"https:\/\/troyanforge.com\/index.php\/wp-json\/wp\/v2\/media?parent=794"}],"curies":[{"name":"wp","href":"https:\/\/api.w.org\/{rel}","templated":true}]}}